{"id":64,"date":"2022-02-24T12:41:08","date_gmt":"2022-02-24T12:41:08","guid":{"rendered":"https:\/\/gymco-security.si\/?page_id=64"},"modified":"2022-02-24T13:02:40","modified_gmt":"2022-02-24T13:02:40","slug":"o-podjetju","status":"publish","type":"page","link":"https:\/\/gymco-security.si\/?page_id=64","title":{"rendered":"O podjetju"},"content":{"rendered":"<p>[vc_row][vc_column]\n\t\t\t<!-- START Vizija REVOLUTION SLIDER 6.5.14 --><p class=\"rs-p-wp-fix\"><\/p>\n\t\t\t<rs-module-wrap id=\"rev_slider_9_1_wrapper\" data-source=\"gallery\" style=\"visibility:hidden;background:transparent;padding:0;margin:0px auto;margin-top:0;margin-bottom:0;\">\n\t\t\t\t<rs-module id=\"rev_slider_9_1\" style=\"\" data-version=\"6.5.14\">\n\t\t\t\t\t<rs-slides>\n\t\t\t\t\t\t<rs-slide style=\"position: absolute;\" data-key=\"rs-20\" data-title=\"Slide\" data-in=\"o:0;\" data-out=\"a:false;\">\n\t\t\t\t\t\t\t<img loading=\"lazy\" decoding=\"async\" src=\"\/\/gymco-security.si\/wp-content\/plugins\/revslider\/public\/assets\/assets\/dummy.png\" alt=\"\" title=\"gymco-security-19\" width=\"1920\" height=\"1280\" class=\"rev-slidebg tp-rs-img rs-lazyload\" data-lazyload=\"\/\/gymco-security.si\/wp-content\/uploads\/2022\/02\/gymco-security-19.jpg\" data-no-retina>\n<!--\n\t\t\t\t\t\t\t--><rs-layer\n\t\t\t\t\t\t\t\tid=\"slider-9-slide-20-layer-0\" \n\t\t\t\t\t\t\t\tdata-type=\"text\"\n\t\t\t\t\t\t\t\tdata-tsh=\"h:1px;v:1px;\"\n\t\t\t\t\t\t\t\tdata-rsp_ch=\"on\"\n\t\t\t\t\t\t\t\tdata-xy=\"x:c;y:m;yo:0,0,0,54px;\"\n\t\t\t\t\t\t\t\tdata-text=\"w:normal;s:40,40,40,35;l:25,25,25,40;a:left,left,left,center;\"\n\t\t\t\t\t\t\t\tdata-dim=\"w:auto,auto,auto,435px;h:auto,auto,auto,142px;\"\n\t\t\t\t\t\t\t\tdata-frame_0=\"x:0,0,0,0px;y:0,0,0,0px;\"\n\t\t\t\t\t\t\t\tdata-frame_1=\"x:0,0,0,0px;y:0,0,0,0px;e:power1.out;sp:500;\"\n\t\t\t\t\t\t\t\tdata-frame_999=\"o:0;st:w;\"\n\t\t\t\t\t\t\t\tstyle=\"z-index:5;font-family:'Roboto Condensed';\"\n\t\t\t\t\t\t\t>O PODJETJU \n\t\t\t\t\t\t\t<\/rs-layer><!--\n-->\t\t\t\t\t\t<\/rs-slide>\n\t\t\t\t\t<\/rs-slides>\n\t\t\t\t<\/rs-module>\n\t\t\t\t<script>\n\t\t\t\t\tsetREVStartSize({c: 'rev_slider_9_1',rl:[1240,1240,1240,480],el:[300,300,300,300],gw:[1240,1240,1240,480],gh:[300,300,300,300],type:'hero',justify:'',layout:'fullwidth',mh:\"0\"});if (window.RS_MODULES!==undefined && window.RS_MODULES.modules!==undefined && window.RS_MODULES.modules[\"revslider91\"]!==undefined) {window.RS_MODULES.modules[\"revslider91\"].once = false;window.revapi9 = undefined;if (window.RS_MODULES.checkMinimal!==undefined) window.RS_MODULES.checkMinimal()}\n\t\t\t\t<\/script>\n\t\t\t<\/rs-module-wrap>\n\t\t\t<!-- END REVOLUTION SLIDER -->\n[\/vc_column][\/vc_row][vc_row gap=&#8221;35&#8243; css=&#8221;.vc_custom_1645704400912{padding-top: 80px !important;padding-right: 50px !important;padding-bottom: 80px !important;padding-left: 50px !important;}&#8221;][vc_column][vc_column_text]<\/p>\n<h2><strong>GYMCO SECURITY\u00a0<\/strong><\/h2>\n<p>&nbsp;<\/p>\n<p>GYMCO SECURITY d.o.o. je podjetje za <strong>varnostno svetovanje<\/strong> in <strong>varnostne storitve<\/strong>. GYMCO SECURITY deluje na razli\u010dnih podro\u010djih zagotavljanja varnosti ljudi in premo\u017eenja.<\/p>\n<p>Ustanovitelj podjetja Nenad Vujinovi\u0107 ima ve\u010d kot 30 let izku\u0161enj na podro\u010dju zagotavljanja varnosti.<\/p>\n<p>&nbsp;<\/p>\n<h5><strong>POSLANSTVO\u00a0\u00a0<\/strong><\/h5>\n<p>&nbsp;<\/p>\n<p>Na\u0161e <strong>poslanstvo<\/strong> je delovati v prid na\u0161im strankam, tako, da jim stalno zagotavljamo <strong>varnost<\/strong> na razli\u010dne na\u010dine, na transparenten in stro\u0161kovno ugoden na\u010din. Na\u0161e delo temelji na zaupanju, lojalnosti in dolgoro\u010dnem sodelovanju z na\u0161imi strankami.<\/p>\n<p>&nbsp;<\/p>\n<h5><strong>VIZIJA\u00a0\u00a0<\/strong><\/h5>\n<p>&nbsp;<\/p>\n<p>Na\u0161a <strong>vizija<\/strong> je zagotoviti na\u0161im strankam maksimalno kakovostno ponudbo oziroma <strong>varnostne storitve<\/strong>, tak\u0161ne, ki sledijo koraku \u010dasa in bodo strankam ohranjale vrednost njihovega premo\u017eenja.[\/vc_column_text][\/vc_column][\/vc_row]<\/p>\n","protected":false},"excerpt":{"rendered":"<p>[vc_row][vc_column][\/vc_column][\/vc_row][vc_row gap=&#8221;35&#8243; css=&#8221;.vc_custom_1645704400912{padding-top: 80px !important;padding-right: 50px !important;padding-bottom: 80px !important;padding-left: 50px !important;}&#8221;][vc_column][vc_column_text] GYMCO SECURITY\u00a0 &nbsp; GYMCO SECURITY d.o.o. je podjetje za varnostno svetovanje in varnostne storitve. GYMCO SECURITY deluje na razli\u010dnih podro\u010djih zagotavljanja varnosti ljudi in premo\u017eenja. Ustanovitelj podjetja Nenad Vujinovi\u0107 ima ve\u010d kot 30 let&#8230;<\/p>\n","protected":false},"author":1,"featured_media":0,"parent":0,"menu_order":0,"comment_status":"closed","ping_status":"closed","template":"full_width.php","meta":{"footnotes":""},"class_list":["post-64","page","type-page","status-publish","hentry"],"yoast_head":"<!-- This site is optimized with the Yoast SEO plugin v18.3 - https:\/\/yoast.com\/wordpress\/plugins\/seo\/ -->\n<title>GYMCO SECURITY - podjetje za zasebno varovanje ljudi in premo\u017eenja ter varnostne storitve<\/title>\n<meta name=\"description\" content=\"GYMCO SECURITY je podjetje za zasebno varovanje ljudi in premo\u017eenja ter varnostne storitve, ki deluje na razli\u010dnih podro\u010djih zagotavljanja varnosti ljudi in premo\u017eenja.\" \/>\n<meta name=\"robots\" content=\"index, follow, max-snippet:-1, max-image-preview:large, max-video-preview:-1\" \/>\n<link rel=\"canonical\" href=\"https:\/\/gymco-security.si\/?page_id=64\" \/>\n<meta property=\"og:locale\" content=\"en_US\" \/>\n<meta property=\"og:type\" content=\"article\" \/>\n<meta property=\"og:title\" content=\"GYMCO SECURITY - podjetje za zasebno varovanje ljudi in premo\u017eenja ter varnostne storitve\" \/>\n<meta property=\"og:description\" content=\"GYMCO SECURITY je podjetje za zasebno varovanje ljudi in premo\u017eenja ter varnostne storitve, ki deluje na razli\u010dnih podro\u010djih zagotavljanja varnosti ljudi in premo\u017eenja.\" \/>\n<meta property=\"og:url\" content=\"https:\/\/gymco-security.si\/?page_id=64\" \/>\n<meta property=\"og:site_name\" content=\"Gymco\" \/>\n<meta property=\"article:modified_time\" content=\"2022-02-24T13:02:40+00:00\" \/>\n<meta name=\"twitter:card\" content=\"summary_large_image\" \/>\n<meta name=\"twitter:label1\" content=\"Est. reading time\" \/>\n\t<meta name=\"twitter:data1\" content=\"1 minute\" \/>\n<script type=\"application\/ld+json\" class=\"yoast-schema-graph\">{\"@context\":\"https:\/\/schema.org\",\"@graph\":[{\"@type\":\"WebSite\",\"@id\":\"https:\/\/gymco-security.si\/#website\",\"url\":\"https:\/\/gymco-security.si\/\",\"name\":\"Gymco\",\"description\":\"Security\",\"potentialAction\":[{\"@type\":\"SearchAction\",\"target\":{\"@type\":\"EntryPoint\",\"urlTemplate\":\"https:\/\/gymco-security.si\/?s={search_term_string}\"},\"query-input\":\"required name=search_term_string\"}],\"inLanguage\":\"en-US\"},{\"@type\":\"WebPage\",\"@id\":\"https:\/\/gymco-security.si\/?page_id=64#webpage\",\"url\":\"https:\/\/gymco-security.si\/?page_id=64\",\"name\":\"GYMCO SECURITY - podjetje za zasebno varovanje ljudi in premo\u017eenja ter varnostne storitve\",\"isPartOf\":{\"@id\":\"https:\/\/gymco-security.si\/#website\"},\"datePublished\":\"2022-02-24T12:41:08+00:00\",\"dateModified\":\"2022-02-24T13:02:40+00:00\",\"description\":\"GYMCO SECURITY je podjetje za zasebno varovanje ljudi in premo\u017eenja ter varnostne storitve, ki deluje na razli\u010dnih podro\u010djih zagotavljanja varnosti ljudi in premo\u017eenja.\",\"breadcrumb\":{\"@id\":\"https:\/\/gymco-security.si\/?page_id=64#breadcrumb\"},\"inLanguage\":\"en-US\",\"potentialAction\":[{\"@type\":\"ReadAction\",\"target\":[\"https:\/\/gymco-security.si\/?page_id=64\"]}]},{\"@type\":\"BreadcrumbList\",\"@id\":\"https:\/\/gymco-security.si\/?page_id=64#breadcrumb\",\"itemListElement\":[{\"@type\":\"ListItem\",\"position\":1,\"name\":\"Home\",\"item\":\"https:\/\/gymco-security.si\/\"},{\"@type\":\"ListItem\",\"position\":2,\"name\":\"O podjetju\"}]}]}<\/script>\n<!-- \/ Yoast SEO plugin. -->","yoast_head_json":{"title":"GYMCO SECURITY - podjetje za zasebno varovanje ljudi in premo\u017eenja ter varnostne storitve","description":"GYMCO SECURITY je podjetje za zasebno varovanje ljudi in premo\u017eenja ter varnostne storitve, ki deluje na razli\u010dnih podro\u010djih zagotavljanja varnosti ljudi in premo\u017eenja.","robots":{"index":"index","follow":"follow","max-snippet":"max-snippet:-1","max-image-preview":"max-image-preview:large","max-video-preview":"max-video-preview:-1"},"canonical":"https:\/\/gymco-security.si\/?page_id=64","og_locale":"en_US","og_type":"article","og_title":"GYMCO SECURITY - podjetje za zasebno varovanje ljudi in premo\u017eenja ter varnostne storitve","og_description":"GYMCO SECURITY je podjetje za zasebno varovanje ljudi in premo\u017eenja ter varnostne storitve, ki deluje na razli\u010dnih podro\u010djih zagotavljanja varnosti ljudi in premo\u017eenja.","og_url":"https:\/\/gymco-security.si\/?page_id=64","og_site_name":"Gymco","article_modified_time":"2022-02-24T13:02:40+00:00","twitter_card":"summary_large_image","twitter_misc":{"Est. reading time":"1 minute"},"schema":{"@context":"https:\/\/schema.org","@graph":[{"@type":"WebSite","@id":"https:\/\/gymco-security.si\/#website","url":"https:\/\/gymco-security.si\/","name":"Gymco","description":"Security","potentialAction":[{"@type":"SearchAction","target":{"@type":"EntryPoint","urlTemplate":"https:\/\/gymco-security.si\/?s={search_term_string}"},"query-input":"required name=search_term_string"}],"inLanguage":"en-US"},{"@type":"WebPage","@id":"https:\/\/gymco-security.si\/?page_id=64#webpage","url":"https:\/\/gymco-security.si\/?page_id=64","name":"GYMCO SECURITY - podjetje za zasebno varovanje ljudi in premo\u017eenja ter varnostne storitve","isPartOf":{"@id":"https:\/\/gymco-security.si\/#website"},"datePublished":"2022-02-24T12:41:08+00:00","dateModified":"2022-02-24T13:02:40+00:00","description":"GYMCO SECURITY je podjetje za zasebno varovanje ljudi in premo\u017eenja ter varnostne storitve, ki deluje na razli\u010dnih podro\u010djih zagotavljanja varnosti ljudi in premo\u017eenja.","breadcrumb":{"@id":"https:\/\/gymco-security.si\/?page_id=64#breadcrumb"},"inLanguage":"en-US","potentialAction":[{"@type":"ReadAction","target":["https:\/\/gymco-security.si\/?page_id=64"]}]},{"@type":"BreadcrumbList","@id":"https:\/\/gymco-security.si\/?page_id=64#breadcrumb","itemListElement":[{"@type":"ListItem","position":1,"name":"Home","item":"https:\/\/gymco-security.si\/"},{"@type":"ListItem","position":2,"name":"O podjetju"}]}]}},"_links":{"self":[{"href":"https:\/\/gymco-security.si\/index.php?rest_route=\/wp\/v2\/pages\/64","targetHints":{"allow":["GET"]}}],"collection":[{"href":"https:\/\/gymco-security.si\/index.php?rest_route=\/wp\/v2\/pages"}],"about":[{"href":"https:\/\/gymco-security.si\/index.php?rest_route=\/wp\/v2\/types\/page"}],"author":[{"embeddable":true,"href":"https:\/\/gymco-security.si\/index.php?rest_route=\/wp\/v2\/users\/1"}],"replies":[{"embeddable":true,"href":"https:\/\/gymco-security.si\/index.php?rest_route=%2Fwp%2Fv2%2Fcomments&post=64"}],"version-history":[{"count":6,"href":"https:\/\/gymco-security.si\/index.php?rest_route=\/wp\/v2\/pages\/64\/revisions"}],"predecessor-version":[{"id":90,"href":"https:\/\/gymco-security.si\/index.php?rest_route=\/wp\/v2\/pages\/64\/revisions\/90"}],"wp:attachment":[{"href":"https:\/\/gymco-security.si\/index.php?rest_route=%2Fwp%2Fv2%2Fmedia&parent=64"}],"curies":[{"name":"wp","href":"https:\/\/api.w.org\/{rel}","templated":true}]}}