{"id":58,"date":"2022-02-24T12:32:41","date_gmt":"2022-02-24T12:32:41","guid":{"rendered":"https:\/\/gymco-security.si\/?page_id=58"},"modified":"2022-02-24T12:55:36","modified_gmt":"2022-02-24T12:55:36","slug":"varovanje","status":"publish","type":"page","link":"https:\/\/gymco-security.si\/?page_id=58","title":{"rendered":"Varovanje"},"content":{"rendered":"<p>[vc_row][vc_column]\n\t\t\t<!-- START Varovanje REVOLUTION SLIDER 6.5.14 --><p class=\"rs-p-wp-fix\"><\/p>\n\t\t\t<rs-module-wrap id=\"rev_slider_7_1_wrapper\" data-source=\"gallery\" style=\"visibility:hidden;background:transparent;padding:0;margin:0px auto;margin-top:0;margin-bottom:0;\">\n\t\t\t\t<rs-module id=\"rev_slider_7_1\" style=\"\" data-version=\"6.5.14\">\n\t\t\t\t\t<rs-slides>\n\t\t\t\t\t\t<rs-slide style=\"position: absolute;\" data-key=\"rs-18\" data-title=\"Slide\" data-in=\"o:0;\" data-out=\"a:false;\">\n\t\t\t\t\t\t\t<img loading=\"lazy\" decoding=\"async\" src=\"\/\/gymco-security.si\/wp-content\/plugins\/revslider\/public\/assets\/assets\/dummy.png\" alt=\"\" title=\"gymco-security-20\" width=\"1920\" height=\"1280\" class=\"rev-slidebg tp-rs-img rs-lazyload\" data-lazyload=\"\/\/gymco-security.si\/wp-content\/uploads\/2022\/02\/gymco-security-20.jpg\" data-no-retina>\n<!--\n\t\t\t\t\t\t\t--><rs-layer\n\t\t\t\t\t\t\t\tid=\"slider-7-slide-18-layer-0\" \n\t\t\t\t\t\t\t\tdata-type=\"text\"\n\t\t\t\t\t\t\t\tdata-tsh=\"h:1px;v:1px;\"\n\t\t\t\t\t\t\t\tdata-rsp_ch=\"on\"\n\t\t\t\t\t\t\t\tdata-xy=\"x:c;y:m;yo:0,0,0,54px;\"\n\t\t\t\t\t\t\t\tdata-text=\"w:normal;s:40,40,40,35;l:25,25,25,40;a:left,left,left,center;\"\n\t\t\t\t\t\t\t\tdata-dim=\"w:auto,auto,auto,435px;h:auto,auto,auto,142px;\"\n\t\t\t\t\t\t\t\tdata-frame_0=\"x:0,0,0,0px;y:0,0,0,0px;\"\n\t\t\t\t\t\t\t\tdata-frame_1=\"x:0,0,0,0px;y:0,0,0,0px;e:power1.out;sp:500;\"\n\t\t\t\t\t\t\t\tdata-frame_999=\"o:0;st:w;\"\n\t\t\t\t\t\t\t\tstyle=\"z-index:5;font-family:'Roboto Condensed';\"\n\t\t\t\t\t\t\t>VAROVANJE \n\t\t\t\t\t\t\t<\/rs-layer><!--\n-->\t\t\t\t\t\t<\/rs-slide>\n\t\t\t\t\t<\/rs-slides>\n\t\t\t\t<\/rs-module>\n\t\t\t\t<script>\n\t\t\t\t\tsetREVStartSize({c: 'rev_slider_7_1',rl:[1240,1240,1240,480],el:[300,300,300,300],gw:[1240,1240,1240,480],gh:[300,300,300,300],type:'hero',justify:'',layout:'fullwidth',mh:\"0\"});if (window.RS_MODULES!==undefined && window.RS_MODULES.modules!==undefined && window.RS_MODULES.modules[\"revslider71\"]!==undefined) {window.RS_MODULES.modules[\"revslider71\"].once = false;window.revapi7 = undefined;if (window.RS_MODULES.checkMinimal!==undefined) window.RS_MODULES.checkMinimal()}\n\t\t\t\t<\/script>\n\t\t\t<\/rs-module-wrap>\n\t\t\t<!-- END REVOLUTION SLIDER -->\n[\/vc_column][\/vc_row][vc_row gap=&#8221;35&#8243; css=&#8221;.vc_custom_1645704400912{padding-top: 80px !important;padding-right: 50px !important;padding-bottom: 80px !important;padding-left: 50px !important;}&#8221;][vc_column][vc_column_text]<\/p>\n<h2><strong>ZASEBNO VAROVANJE LJUDI IN PREMO\u017dENJA\u00a0<\/strong><\/h2>\n<p>&nbsp;<\/p>\n<p><strong>Varovanje<\/strong> na splo\u0161no pomeni <strong>varovanje ljudi<\/strong> in <strong>varovanje premo\u017eenja<\/strong> pred uni\u010denjem, po\u0161kodovanjem, odtujitvijo ali drugimi \u0161kodljivimi u\u010dinki. To dejavnost izvajamo z na\u0161imi visoko usposobljenimi in \u0161olanimi varnostniki z veljavnimi licencami. Vsi na\u0161i varnostniki imajo pridobljeno nacionalno poklicno kvalifikacijo \u00bbvarnostnik\u00ab oziroma \u00bbvarnostnica\u00ab ter vsa potrebna dovoljenja za delo.<\/p>\n<p>&nbsp;<\/p>\n<p>Zagotavljamo vam lahko varovanje vseh vrst: <strong>tehni\u010dno varovanje<\/strong> v hotelih, tovarnah, bankah, trgovinah, podjetjih, varovanje deponij, zasebnih igri\u0161\u010d, zabav, <strong>varovanje oseb<\/strong> oz. fizi\u010dno varovanje ipd. S strani Ministrstva za notranje zadeve Republike Slovenije imamo pridobljene naslednje licence:<\/p>\n<p>&nbsp;<\/p>\n<p>1. varovanje ljudi in premo\u017eenja;<\/p>\n<p>2. prevoz in varovanje gotovine ter drugih vrednostnih po\u0161iljk;<\/p>\n<p>3. varovanje javnih zbiranj;<\/p>\n<p>4. varovanje prireditev v gostinskih lokalih;<\/p>\n<p>5. izvajanje sistemov tehni\u010dnega varovanja.<\/p>\n<p>&nbsp;<\/p>\n<p>\u0160e posebej smo ponosni na na\u0161e varnostnike &#8211; receptorje, saj izstopajo z zunanjo podobo &#8211; uniformo ter profesionalnim nastopom.<\/p>\n<p>&nbsp;<\/p>\n<p>Dejavnost zasebnega varovanja izvajamo skladno z Zakonom o zasebnem varovanju, transparentno in strokovno, na na\u010din, kot ga predpisuje Zakon o zasebnem varovanju ter ob stalnem nadzoru in strokovni pomo\u010di dr\u017eavnih organov in Zbornice za razvoj slovenskega zasebnega varovanja.[\/vc_column_text][\/vc_column][\/vc_row]<\/p>\n","protected":false},"excerpt":{"rendered":"<p>[vc_row][vc_column][\/vc_column][\/vc_row][vc_row gap=&#8221;35&#8243; css=&#8221;.vc_custom_1645704400912{padding-top: 80px !important;padding-right: 50px !important;padding-bottom: 80px !important;padding-left: 50px !important;}&#8221;][vc_column][vc_column_text] ZASEBNO VAROVANJE LJUDI IN PREMO\u017dENJA\u00a0 &nbsp; Varovanje na splo\u0161no pomeni varovanje ljudi in varovanje premo\u017eenja pred uni\u010denjem, po\u0161kodovanjem, odtujitvijo ali drugimi \u0161kodljivimi u\u010dinki. To dejavnost izvajamo z na\u0161imi visoko usposobljenimi in \u0161olanimi varnostniki z&#8230;<\/p>\n","protected":false},"author":1,"featured_media":0,"parent":0,"menu_order":0,"comment_status":"closed","ping_status":"closed","template":"full_width.php","meta":{"footnotes":""},"class_list":["post-58","page","type-page","status-publish","hentry"],"yoast_head":"<!-- This site is optimized with the Yoast SEO plugin v18.3 - https:\/\/yoast.com\/wordpress\/plugins\/seo\/ -->\n<title>Varovanje ljudi in premo\u017eenja - GYMCO SECURITY<\/title>\n<meta name=\"description\" content=\"Izvajamo dejavnost zasebnega oz. razli\u010dne oblike varovanja ljudi in premo\u017eenja.\" \/>\n<meta name=\"robots\" content=\"index, follow, max-snippet:-1, max-image-preview:large, max-video-preview:-1\" \/>\n<link rel=\"canonical\" href=\"https:\/\/gymco-security.si\/?page_id=58\" \/>\n<meta property=\"og:locale\" content=\"en_US\" \/>\n<meta property=\"og:type\" content=\"article\" \/>\n<meta property=\"og:title\" content=\"Varovanje ljudi in premo\u017eenja - GYMCO SECURITY\" \/>\n<meta property=\"og:description\" content=\"Izvajamo dejavnost zasebnega oz. razli\u010dne oblike varovanja ljudi in premo\u017eenja.\" \/>\n<meta property=\"og:url\" content=\"https:\/\/gymco-security.si\/?page_id=58\" \/>\n<meta property=\"og:site_name\" content=\"Gymco\" \/>\n<meta property=\"article:modified_time\" content=\"2022-02-24T12:55:36+00:00\" \/>\n<meta name=\"twitter:card\" content=\"summary_large_image\" \/>\n<meta name=\"twitter:label1\" content=\"Est. reading time\" \/>\n\t<meta name=\"twitter:data1\" content=\"1 minute\" \/>\n<script type=\"application\/ld+json\" class=\"yoast-schema-graph\">{\"@context\":\"https:\/\/schema.org\",\"@graph\":[{\"@type\":\"WebSite\",\"@id\":\"https:\/\/gymco-security.si\/#website\",\"url\":\"https:\/\/gymco-security.si\/\",\"name\":\"Gymco\",\"description\":\"Security\",\"potentialAction\":[{\"@type\":\"SearchAction\",\"target\":{\"@type\":\"EntryPoint\",\"urlTemplate\":\"https:\/\/gymco-security.si\/?s={search_term_string}\"},\"query-input\":\"required name=search_term_string\"}],\"inLanguage\":\"en-US\"},{\"@type\":\"WebPage\",\"@id\":\"https:\/\/gymco-security.si\/?page_id=58#webpage\",\"url\":\"https:\/\/gymco-security.si\/?page_id=58\",\"name\":\"Varovanje ljudi in premo\u017eenja - GYMCO SECURITY\",\"isPartOf\":{\"@id\":\"https:\/\/gymco-security.si\/#website\"},\"datePublished\":\"2022-02-24T12:32:41+00:00\",\"dateModified\":\"2022-02-24T12:55:36+00:00\",\"description\":\"Izvajamo dejavnost zasebnega oz. razli\u010dne oblike varovanja ljudi in premo\u017eenja.\",\"breadcrumb\":{\"@id\":\"https:\/\/gymco-security.si\/?page_id=58#breadcrumb\"},\"inLanguage\":\"en-US\",\"potentialAction\":[{\"@type\":\"ReadAction\",\"target\":[\"https:\/\/gymco-security.si\/?page_id=58\"]}]},{\"@type\":\"BreadcrumbList\",\"@id\":\"https:\/\/gymco-security.si\/?page_id=58#breadcrumb\",\"itemListElement\":[{\"@type\":\"ListItem\",\"position\":1,\"name\":\"Home\",\"item\":\"https:\/\/gymco-security.si\/\"},{\"@type\":\"ListItem\",\"position\":2,\"name\":\"Varovanje\"}]}]}<\/script>\n<!-- \/ Yoast SEO plugin. -->","yoast_head_json":{"title":"Varovanje ljudi in premo\u017eenja - GYMCO SECURITY","description":"Izvajamo dejavnost zasebnega oz. razli\u010dne oblike varovanja ljudi in premo\u017eenja.","robots":{"index":"index","follow":"follow","max-snippet":"max-snippet:-1","max-image-preview":"max-image-preview:large","max-video-preview":"max-video-preview:-1"},"canonical":"https:\/\/gymco-security.si\/?page_id=58","og_locale":"en_US","og_type":"article","og_title":"Varovanje ljudi in premo\u017eenja - GYMCO SECURITY","og_description":"Izvajamo dejavnost zasebnega oz. razli\u010dne oblike varovanja ljudi in premo\u017eenja.","og_url":"https:\/\/gymco-security.si\/?page_id=58","og_site_name":"Gymco","article_modified_time":"2022-02-24T12:55:36+00:00","twitter_card":"summary_large_image","twitter_misc":{"Est. reading time":"1 minute"},"schema":{"@context":"https:\/\/schema.org","@graph":[{"@type":"WebSite","@id":"https:\/\/gymco-security.si\/#website","url":"https:\/\/gymco-security.si\/","name":"Gymco","description":"Security","potentialAction":[{"@type":"SearchAction","target":{"@type":"EntryPoint","urlTemplate":"https:\/\/gymco-security.si\/?s={search_term_string}"},"query-input":"required name=search_term_string"}],"inLanguage":"en-US"},{"@type":"WebPage","@id":"https:\/\/gymco-security.si\/?page_id=58#webpage","url":"https:\/\/gymco-security.si\/?page_id=58","name":"Varovanje ljudi in premo\u017eenja - GYMCO SECURITY","isPartOf":{"@id":"https:\/\/gymco-security.si\/#website"},"datePublished":"2022-02-24T12:32:41+00:00","dateModified":"2022-02-24T12:55:36+00:00","description":"Izvajamo dejavnost zasebnega oz. razli\u010dne oblike varovanja ljudi in premo\u017eenja.","breadcrumb":{"@id":"https:\/\/gymco-security.si\/?page_id=58#breadcrumb"},"inLanguage":"en-US","potentialAction":[{"@type":"ReadAction","target":["https:\/\/gymco-security.si\/?page_id=58"]}]},{"@type":"BreadcrumbList","@id":"https:\/\/gymco-security.si\/?page_id=58#breadcrumb","itemListElement":[{"@type":"ListItem","position":1,"name":"Home","item":"https:\/\/gymco-security.si\/"},{"@type":"ListItem","position":2,"name":"Varovanje"}]}]}},"_links":{"self":[{"href":"https:\/\/gymco-security.si\/index.php?rest_route=\/wp\/v2\/pages\/58","targetHints":{"allow":["GET"]}}],"collection":[{"href":"https:\/\/gymco-security.si\/index.php?rest_route=\/wp\/v2\/pages"}],"about":[{"href":"https:\/\/gymco-security.si\/index.php?rest_route=\/wp\/v2\/types\/page"}],"author":[{"embeddable":true,"href":"https:\/\/gymco-security.si\/index.php?rest_route=\/wp\/v2\/users\/1"}],"replies":[{"embeddable":true,"href":"https:\/\/gymco-security.si\/index.php?rest_route=%2Fwp%2Fv2%2Fcomments&post=58"}],"version-history":[{"count":3,"href":"https:\/\/gymco-security.si\/index.php?rest_route=\/wp\/v2\/pages\/58\/revisions"}],"predecessor-version":[{"id":88,"href":"https:\/\/gymco-security.si\/index.php?rest_route=\/wp\/v2\/pages\/58\/revisions\/88"}],"wp:attachment":[{"href":"https:\/\/gymco-security.si\/index.php?rest_route=%2Fwp%2Fv2%2Fmedia&parent=58"}],"curies":[{"name":"wp","href":"https:\/\/api.w.org\/{rel}","templated":true}]}}