{"id":56,"date":"2022-02-24T12:29:40","date_gmt":"2022-02-24T12:29:40","guid":{"rendered":"https:\/\/gymco-security.si\/?page_id=56"},"modified":"2022-02-24T13:03:41","modified_gmt":"2022-02-24T13:03:41","slug":"vzpostavitev-varnostnih-sistemov","status":"publish","type":"page","link":"https:\/\/gymco-security.si\/?page_id=56","title":{"rendered":"Vzpostavitev varnostnih sistemov"},"content":{"rendered":"<p>[vc_row][vc_column]\n\t\t\t<!-- START Varnostni sistemi REVOLUTION SLIDER 6.5.14 --><p class=\"rs-p-wp-fix\"><\/p>\n\t\t\t<rs-module-wrap id=\"rev_slider_6_1_wrapper\" data-source=\"gallery\" style=\"visibility:hidden;background:transparent;padding:0;margin:0px auto;margin-top:0;margin-bottom:0;\">\n\t\t\t\t<rs-module id=\"rev_slider_6_1\" style=\"\" data-version=\"6.5.14\">\n\t\t\t\t\t<rs-slides>\n\t\t\t\t\t\t<rs-slide style=\"position: absolute;\" data-key=\"rs-17\" data-title=\"Slide\" data-in=\"o:0;\" data-out=\"a:false;\">\n\t\t\t\t\t\t\t<img loading=\"lazy\" decoding=\"async\" src=\"\/\/gymco-security.si\/wp-content\/plugins\/revslider\/public\/assets\/assets\/dummy.png\" alt=\"\" title=\"gymco-security-10\" width=\"1920\" height=\"1357\" class=\"rev-slidebg tp-rs-img rs-lazyload\" data-lazyload=\"\/\/gymco-security.si\/wp-content\/uploads\/2022\/02\/gymco-security-10.jpeg\" data-no-retina>\n<!--\n\t\t\t\t\t\t\t--><rs-layer\n\t\t\t\t\t\t\t\tid=\"slider-6-slide-17-layer-0\" \n\t\t\t\t\t\t\t\tdata-type=\"text\"\n\t\t\t\t\t\t\t\tdata-tsh=\"h:1px;v:1px;\"\n\t\t\t\t\t\t\t\tdata-rsp_ch=\"on\"\n\t\t\t\t\t\t\t\tdata-xy=\"x:c;y:m;yo:0,0,0,54px;\"\n\t\t\t\t\t\t\t\tdata-text=\"w:normal;s:40,40,40,35;l:25,25,25,40;a:left,left,left,center;\"\n\t\t\t\t\t\t\t\tdata-dim=\"w:auto,auto,auto,435px;h:auto,auto,auto,142px;\"\n\t\t\t\t\t\t\t\tdata-frame_0=\"x:0,0,0,0px;y:0,0,0,0px;\"\n\t\t\t\t\t\t\t\tdata-frame_1=\"x:0,0,0,0px;y:0,0,0,0px;e:power1.out;sp:500;\"\n\t\t\t\t\t\t\t\tdata-frame_999=\"o:0;st:w;\"\n\t\t\t\t\t\t\t\tstyle=\"z-index:5;font-family:'Roboto Condensed';\"\n\t\t\t\t\t\t\t>VZPOSTAVITEV VARNOSTNIH SISTEMOV \n\t\t\t\t\t\t\t<\/rs-layer><!--\n-->\t\t\t\t\t\t<\/rs-slide>\n\t\t\t\t\t<\/rs-slides>\n\t\t\t\t<\/rs-module>\n\t\t\t\t<script>\n\t\t\t\t\tsetREVStartSize({c: 'rev_slider_6_1',rl:[1240,1240,1240,480],el:[300,300,300,300],gw:[1240,1240,1240,480],gh:[300,300,300,300],type:'hero',justify:'',layout:'fullwidth',mh:\"0\"});if (window.RS_MODULES!==undefined && window.RS_MODULES.modules!==undefined && window.RS_MODULES.modules[\"revslider61\"]!==undefined) {window.RS_MODULES.modules[\"revslider61\"].once = false;window.revapi6 = undefined;if (window.RS_MODULES.checkMinimal!==undefined) window.RS_MODULES.checkMinimal()}\n\t\t\t\t<\/script>\n\t\t\t<\/rs-module-wrap>\n\t\t\t<!-- END REVOLUTION SLIDER -->\n[\/vc_column][\/vc_row][vc_row gap=&#8221;35&#8243; css=&#8221;.vc_custom_1645704400912{padding-top: 80px !important;padding-right: 50px !important;padding-bottom: 80px !important;padding-left: 50px !important;}&#8221;][vc_column][vc_column_text]<\/p>\n<h5><strong>VARNOSTNI SISTEMI<\/strong><\/h5>\n<p>&nbsp;<\/p>\n<p><strong>Varnostni sistem<\/strong> v podjetju ali v drugi ustanovi je sistem za zagotavljanje notranje varnosti. Je celota pravnih, organizacijskih, funkcionalnih, kadrovskih in tehni\u010dnih ukrepov, s pomo\u010djo katerih skrbimo za ohranitev reda, spo\u0161tovanje zakonov in internih predpisov, osebno varnost ter za\u0161\u010dito imetja in infrastrukture podjetja oziroma ustanove.<\/p>\n<p>&nbsp;<\/p>\n<h5><strong>VZPOSTAVITEV VARNOSTNIH SISTEMOV\u00a0<\/strong><\/h5>\n<p>&nbsp;<\/p>\n<p>Z namenom vzpostavitve in stalnega ohranjanja vzpostavljenega varnostnega sistema je na\u0161e podjetje izdelalo u\u010dinkovito metodologijo &#8211; <strong>orodje za na\u010drtovanje in izvajanje varnostnih procesov v podjetju<\/strong>. Namen metodologije je identificiranje, analiziranje in saniranje obstoje\u010dih organizacijskih, kadrovskih, varnostnih in drugih vrzeli v obstoje\u010dem sistemu varovanja.<\/p>\n<p>Cilj metodologije je z varnostnimi in drugimi izbolj\u0161avami vzpostaviti in\/ali optimizirati sistem varovanja podjetja, tako, da bo varnostno u\u010dinkovit oziroma optimalen.[\/vc_column_text][\/vc_column][\/vc_row]<\/p>\n","protected":false},"excerpt":{"rendered":"<p>[vc_row][vc_column][\/vc_column][\/vc_row][vc_row gap=&#8221;35&#8243; css=&#8221;.vc_custom_1645704400912{padding-top: 80px !important;padding-right: 50px !important;padding-bottom: 80px !important;padding-left: 50px !important;}&#8221;][vc_column][vc_column_text] VARNOSTNI SISTEMI &nbsp; Varnostni sistem v podjetju ali v drugi ustanovi je sistem za zagotavljanje notranje varnosti. Je celota pravnih, organizacijskih, funkcionalnih, kadrovskih in tehni\u010dnih ukrepov, s pomo\u010djo katerih skrbimo za ohranitev reda, spo\u0161tovanje&#8230;<\/p>\n","protected":false},"author":1,"featured_media":0,"parent":0,"menu_order":0,"comment_status":"closed","ping_status":"closed","template":"full_width.php","meta":{"footnotes":""},"class_list":["post-56","page","type-page","status-publish","hentry"],"yoast_head":"<!-- This site is optimized with the Yoast SEO plugin v18.3 - https:\/\/yoast.com\/wordpress\/plugins\/seo\/ -->\n<title>Varnostni sistemi in njihova vzpostavitev - GYMCO SECURITY<\/title>\n<meta name=\"description\" content=\"S pomo\u010djo posebnega orodja za na\u010drtovanje in izvajanje varnostnih procesov vzpostavimo ali optimiziramo varnostni sistem v podjetju ali ustanovi.\" \/>\n<meta name=\"robots\" content=\"index, follow, max-snippet:-1, max-image-preview:large, max-video-preview:-1\" \/>\n<link rel=\"canonical\" href=\"https:\/\/gymco-security.si\/?page_id=56\" \/>\n<meta property=\"og:locale\" content=\"en_US\" \/>\n<meta property=\"og:type\" content=\"article\" \/>\n<meta property=\"og:title\" content=\"Varnostni sistemi in njihova vzpostavitev - GYMCO SECURITY\" \/>\n<meta property=\"og:description\" content=\"S pomo\u010djo posebnega orodja za na\u010drtovanje in izvajanje varnostnih procesov vzpostavimo ali optimiziramo varnostni sistem v podjetju ali ustanovi.\" \/>\n<meta property=\"og:url\" content=\"https:\/\/gymco-security.si\/?page_id=56\" \/>\n<meta property=\"og:site_name\" content=\"Gymco\" \/>\n<meta property=\"article:modified_time\" content=\"2022-02-24T13:03:41+00:00\" \/>\n<meta name=\"twitter:card\" content=\"summary_large_image\" \/>\n<meta name=\"twitter:label1\" content=\"Est. reading time\" \/>\n\t<meta name=\"twitter:data1\" content=\"1 minute\" \/>\n<script type=\"application\/ld+json\" class=\"yoast-schema-graph\">{\"@context\":\"https:\/\/schema.org\",\"@graph\":[{\"@type\":\"WebSite\",\"@id\":\"https:\/\/gymco-security.si\/#website\",\"url\":\"https:\/\/gymco-security.si\/\",\"name\":\"Gymco\",\"description\":\"Security\",\"potentialAction\":[{\"@type\":\"SearchAction\",\"target\":{\"@type\":\"EntryPoint\",\"urlTemplate\":\"https:\/\/gymco-security.si\/?s={search_term_string}\"},\"query-input\":\"required name=search_term_string\"}],\"inLanguage\":\"en-US\"},{\"@type\":\"WebPage\",\"@id\":\"https:\/\/gymco-security.si\/?page_id=56#webpage\",\"url\":\"https:\/\/gymco-security.si\/?page_id=56\",\"name\":\"Varnostni sistemi in njihova vzpostavitev - GYMCO SECURITY\",\"isPartOf\":{\"@id\":\"https:\/\/gymco-security.si\/#website\"},\"datePublished\":\"2022-02-24T12:29:40+00:00\",\"dateModified\":\"2022-02-24T13:03:41+00:00\",\"description\":\"S pomo\u010djo posebnega orodja za na\u010drtovanje in izvajanje varnostnih procesov vzpostavimo ali optimiziramo varnostni sistem v podjetju ali ustanovi.\",\"breadcrumb\":{\"@id\":\"https:\/\/gymco-security.si\/?page_id=56#breadcrumb\"},\"inLanguage\":\"en-US\",\"potentialAction\":[{\"@type\":\"ReadAction\",\"target\":[\"https:\/\/gymco-security.si\/?page_id=56\"]}]},{\"@type\":\"BreadcrumbList\",\"@id\":\"https:\/\/gymco-security.si\/?page_id=56#breadcrumb\",\"itemListElement\":[{\"@type\":\"ListItem\",\"position\":1,\"name\":\"Home\",\"item\":\"https:\/\/gymco-security.si\/\"},{\"@type\":\"ListItem\",\"position\":2,\"name\":\"Vzpostavitev varnostnih sistemov\"}]}]}<\/script>\n<!-- \/ Yoast SEO plugin. -->","yoast_head_json":{"title":"Varnostni sistemi in njihova vzpostavitev - GYMCO SECURITY","description":"S pomo\u010djo posebnega orodja za na\u010drtovanje in izvajanje varnostnih procesov vzpostavimo ali optimiziramo varnostni sistem v podjetju ali ustanovi.","robots":{"index":"index","follow":"follow","max-snippet":"max-snippet:-1","max-image-preview":"max-image-preview:large","max-video-preview":"max-video-preview:-1"},"canonical":"https:\/\/gymco-security.si\/?page_id=56","og_locale":"en_US","og_type":"article","og_title":"Varnostni sistemi in njihova vzpostavitev - GYMCO SECURITY","og_description":"S pomo\u010djo posebnega orodja za na\u010drtovanje in izvajanje varnostnih procesov vzpostavimo ali optimiziramo varnostni sistem v podjetju ali ustanovi.","og_url":"https:\/\/gymco-security.si\/?page_id=56","og_site_name":"Gymco","article_modified_time":"2022-02-24T13:03:41+00:00","twitter_card":"summary_large_image","twitter_misc":{"Est. reading time":"1 minute"},"schema":{"@context":"https:\/\/schema.org","@graph":[{"@type":"WebSite","@id":"https:\/\/gymco-security.si\/#website","url":"https:\/\/gymco-security.si\/","name":"Gymco","description":"Security","potentialAction":[{"@type":"SearchAction","target":{"@type":"EntryPoint","urlTemplate":"https:\/\/gymco-security.si\/?s={search_term_string}"},"query-input":"required name=search_term_string"}],"inLanguage":"en-US"},{"@type":"WebPage","@id":"https:\/\/gymco-security.si\/?page_id=56#webpage","url":"https:\/\/gymco-security.si\/?page_id=56","name":"Varnostni sistemi in njihova vzpostavitev - GYMCO SECURITY","isPartOf":{"@id":"https:\/\/gymco-security.si\/#website"},"datePublished":"2022-02-24T12:29:40+00:00","dateModified":"2022-02-24T13:03:41+00:00","description":"S pomo\u010djo posebnega orodja za na\u010drtovanje in izvajanje varnostnih procesov vzpostavimo ali optimiziramo varnostni sistem v podjetju ali ustanovi.","breadcrumb":{"@id":"https:\/\/gymco-security.si\/?page_id=56#breadcrumb"},"inLanguage":"en-US","potentialAction":[{"@type":"ReadAction","target":["https:\/\/gymco-security.si\/?page_id=56"]}]},{"@type":"BreadcrumbList","@id":"https:\/\/gymco-security.si\/?page_id=56#breadcrumb","itemListElement":[{"@type":"ListItem","position":1,"name":"Home","item":"https:\/\/gymco-security.si\/"},{"@type":"ListItem","position":2,"name":"Vzpostavitev varnostnih sistemov"}]}]}},"_links":{"self":[{"href":"https:\/\/gymco-security.si\/index.php?rest_route=\/wp\/v2\/pages\/56","targetHints":{"allow":["GET"]}}],"collection":[{"href":"https:\/\/gymco-security.si\/index.php?rest_route=\/wp\/v2\/pages"}],"about":[{"href":"https:\/\/gymco-security.si\/index.php?rest_route=\/wp\/v2\/types\/page"}],"author":[{"embeddable":true,"href":"https:\/\/gymco-security.si\/index.php?rest_route=\/wp\/v2\/users\/1"}],"replies":[{"embeddable":true,"href":"https:\/\/gymco-security.si\/index.php?rest_route=%2Fwp%2Fv2%2Fcomments&post=56"}],"version-history":[{"count":2,"href":"https:\/\/gymco-security.si\/index.php?rest_route=\/wp\/v2\/pages\/56\/revisions"}],"predecessor-version":[{"id":91,"href":"https:\/\/gymco-security.si\/index.php?rest_route=\/wp\/v2\/pages\/56\/revisions\/91"}],"wp:attachment":[{"href":"https:\/\/gymco-security.si\/index.php?rest_route=%2Fwp%2Fv2%2Fmedia&parent=56"}],"curies":[{"name":"wp","href":"https:\/\/api.w.org\/{rel}","templated":true}]}}