{"id":2,"date":"2022-02-19T17:21:40","date_gmt":"2022-02-19T17:21:40","guid":{"rendered":"https:\/\/gymco-security.si\/?page_id=2"},"modified":"2022-02-24T13:11:13","modified_gmt":"2022-02-24T13:11:13","slug":"varnostno-svetovanje-in-varnostne-storitve","status":"publish","type":"page","link":"https:\/\/gymco-security.si\/","title":{"rendered":"Varnostno svetovanje in varnostne storitve"},"content":{"rendered":"<p>[vc_row css=&#8221;.vc_custom_1645702932438{padding-top: 0px !important;}&#8221;][vc_column]\n\t\t\t<!-- START Gymco REVOLUTION SLIDER 6.5.14 --><p class=\"rs-p-wp-fix\"><\/p>\n\t\t\t<rs-module-wrap id=\"rev_slider_1_1_wrapper\" data-source=\"gallery\" style=\"visibility:hidden;background:transparent;padding:0;margin:0px auto;margin-top:0;margin-bottom:0;\">\n\t\t\t\t<rs-module id=\"rev_slider_1_1\" style=\"\" data-version=\"6.5.14\">\n\t\t\t\t\t<rs-slides>\n\t\t\t\t\t\t<rs-slide style=\"position: absolute;\" data-key=\"rs-2\" data-title=\"Slide\" data-thumb=\"\/\/gymco-security.si\/wp-content\/uploads\/2022\/02\/gymco-security-2-50x100.jpg\" data-in=\"o:0;\" data-out=\"a:false;\">\n\t\t\t\t\t\t\t<img loading=\"lazy\" decoding=\"async\" src=\"\/\/gymco-security.si\/wp-content\/plugins\/revslider\/public\/assets\/assets\/dummy.png\" alt=\"\" title=\"gymco-security-2\" width=\"1920\" height=\"1280\" class=\"rev-slidebg tp-rs-img rs-lazyload\" data-lazyload=\"\/\/gymco-security.si\/wp-content\/uploads\/2022\/02\/gymco-security-2.jpg\" data-no-retina>\n<!--\n\t\t\t\t\t\t\t--><rs-layer\n\t\t\t\t\t\t\t\tid=\"slider-1-slide-2-layer-0\" \n\t\t\t\t\t\t\t\tdata-type=\"text\"\n\t\t\t\t\t\t\t\tdata-rsp_ch=\"on\"\n\t\t\t\t\t\t\t\tdata-xy=\"x:c;y:m;yo:0,0,0,54px;\"\n\t\t\t\t\t\t\t\tdata-text=\"w:normal;s:40,40,40,35;l:25,25,25,40;a:left,left,left,center;\"\n\t\t\t\t\t\t\t\tdata-dim=\"w:auto,auto,auto,435px;h:auto,auto,auto,142px;\"\n\t\t\t\t\t\t\t\tdata-frame_0=\"x:0,0,0,0px;y:0,0,0,0px;\"\n\t\t\t\t\t\t\t\tdata-frame_1=\"x:0,0,0,0px;y:0,0,0,0px;e:power1.out;sp:500;\"\n\t\t\t\t\t\t\t\tdata-frame_999=\"o:0;st:w;\"\n\t\t\t\t\t\t\t\tstyle=\"z-index:5;font-family:'Roboto Condensed';\"\n\t\t\t\t\t\t\t>Razmi\u0161ljate o tem, da bi v podjetju vzpostavili varnostno slu\u017ebo? \n\t\t\t\t\t\t\t<\/rs-layer><!--\n-->\t\t\t\t\t\t<\/rs-slide>\n\t\t\t\t\t\t<rs-slide style=\"position: absolute;\" data-key=\"rs-3\" data-title=\"Slide\" data-thumb=\"\/\/gymco-security.si\/wp-content\/uploads\/2022\/02\/gymco-security-11-50x100.jpeg\" data-in=\"o:0;\" data-out=\"a:false;\">\n\t\t\t\t\t\t\t<img loading=\"lazy\" decoding=\"async\" src=\"\/\/gymco-security.si\/wp-content\/plugins\/revslider\/public\/assets\/assets\/dummy.png\" alt=\"\" title=\"gymco-security-11\" width=\"1920\" height=\"1440\" class=\"rev-slidebg tp-rs-img rs-lazyload\" data-lazyload=\"\/\/gymco-security.si\/wp-content\/uploads\/2022\/02\/gymco-security-11.jpeg\" data-no-retina>\n<!--\n\t\t\t\t\t\t\t--><rs-layer\n\t\t\t\t\t\t\t\tid=\"slider-1-slide-3-layer-1\" \n\t\t\t\t\t\t\t\tdata-type=\"text\"\n\t\t\t\t\t\t\t\tdata-rsp_ch=\"on\"\n\t\t\t\t\t\t\t\tdata-xy=\"x:c;y:m;yo:0,0,0,54px;\"\n\t\t\t\t\t\t\t\tdata-text=\"w:normal;s:40,40,40,35;l:25,25,25,40;a:left,left,left,center;\"\n\t\t\t\t\t\t\t\tdata-dim=\"w:auto,auto,auto,435px;h:auto,auto,auto,142px;\"\n\t\t\t\t\t\t\t\tdata-frame_0=\"x:0,0,0,0px;y:0,0,0,0px;\"\n\t\t\t\t\t\t\t\tdata-frame_1=\"x:0,0,0,0px;y:0,0,0,0px;e:power1.out;sp:500;\"\n\t\t\t\t\t\t\t\tdata-frame_999=\"o:0;st:w;\"\n\t\t\t\t\t\t\t\tstyle=\"z-index:8;font-family:'Roboto Condensed';\"\n\t\t\t\t\t\t\t>Potrebujete varnostnika z licenco? \n\t\t\t\t\t\t\t<\/rs-layer><!--\n-->\t\t\t\t\t\t<\/rs-slide>\n\t\t\t\t\t\t<rs-slide style=\"position: absolute;\" data-key=\"rs-4\" data-title=\"Slide\" data-thumb=\"\/\/gymco-security.si\/wp-content\/uploads\/2022\/02\/gymco-security-13-50x100.jpeg\" data-in=\"o:0;\" data-out=\"a:false;\">\n\t\t\t\t\t\t\t<img loading=\"lazy\" decoding=\"async\" src=\"\/\/gymco-security.si\/wp-content\/plugins\/revslider\/public\/assets\/assets\/dummy.png\" alt=\"\" title=\"gymco-security-13\" width=\"1200\" height=\"630\" class=\"rev-slidebg tp-rs-img rs-lazyload\" data-lazyload=\"\/\/gymco-security.si\/wp-content\/uploads\/2022\/02\/gymco-security-13.jpeg\" data-no-retina>\n<!--\n\t\t\t\t\t\t\t--><rs-layer\n\t\t\t\t\t\t\t\tid=\"slider-1-slide-4-layer-2\" \n\t\t\t\t\t\t\t\tdata-type=\"text\"\n\t\t\t\t\t\t\t\tdata-tsh=\"h:1px;v:1px;\"\n\t\t\t\t\t\t\t\tdata-rsp_ch=\"on\"\n\t\t\t\t\t\t\t\tdata-xy=\"x:c;y:m;yo:0,0,0,54px;\"\n\t\t\t\t\t\t\t\tdata-text=\"w:normal;s:40,40,40,35;l:25,25,25,40;a:left,left,left,center;\"\n\t\t\t\t\t\t\t\tdata-dim=\"w:auto,auto,auto,435px;h:auto,auto,auto,142px;\"\n\t\t\t\t\t\t\t\tdata-frame_0=\"x:0,0,0,0px;y:0,0,0,0px;\"\n\t\t\t\t\t\t\t\tdata-frame_1=\"x:0,0,0,0px;y:0,0,0,0px;e:power1.out;sp:500;\"\n\t\t\t\t\t\t\t\tdata-frame_999=\"o:0;st:w;\"\n\t\t\t\t\t\t\t\tstyle=\"z-index:8;font-family:'Roboto Condensed';\"\n\t\t\t\t\t\t\t>Vam v podjetju kradejo? \n\t\t\t\t\t\t\t<\/rs-layer><!--\n-->\t\t\t\t\t\t<\/rs-slide>\n\t\t\t\t\t\t<rs-slide style=\"position: absolute;\" data-key=\"rs-5\" data-title=\"Slide\" data-thumb=\"\/\/gymco-security.si\/wp-content\/uploads\/2022\/02\/gymco-security-6-50x100.jpg\" data-in=\"o:0;\" data-out=\"a:false;\">\n\t\t\t\t\t\t\t<img loading=\"lazy\" decoding=\"async\" src=\"\/\/gymco-security.si\/wp-content\/plugins\/revslider\/public\/assets\/assets\/dummy.png\" alt=\"\" title=\"gymco-security-6\" width=\"1920\" height=\"1280\" class=\"rev-slidebg tp-rs-img rs-lazyload\" data-lazyload=\"\/\/gymco-security.si\/wp-content\/uploads\/2022\/02\/gymco-security-6.jpg\" data-no-retina>\n<!--\n\t\t\t\t\t\t\t--><rs-layer\n\t\t\t\t\t\t\t\tid=\"slider-1-slide-5-layer-3\" \n\t\t\t\t\t\t\t\tdata-type=\"text\"\n\t\t\t\t\t\t\t\tdata-rsp_ch=\"on\"\n\t\t\t\t\t\t\t\tdata-xy=\"x:c;y:m;yo:0,0,0,54px;\"\n\t\t\t\t\t\t\t\tdata-text=\"w:normal;s:40,40,40,35;l:25,25,25,40;a:left,left,left,center;\"\n\t\t\t\t\t\t\t\tdata-dim=\"w:auto,auto,auto,435px;h:auto,auto,auto,142px;\"\n\t\t\t\t\t\t\t\tdata-frame_0=\"x:0,0,0,0px;y:0,0,0,0px;\"\n\t\t\t\t\t\t\t\tdata-frame_1=\"x:0,0,0,0px;y:0,0,0,0px;e:power1.out;sp:500;\"\n\t\t\t\t\t\t\t\tdata-frame_999=\"o:0;st:w;\"\n\t\t\t\t\t\t\t\tstyle=\"z-index:8;font-family:'Roboto Condensed';\"\n\t\t\t\t\t\t\t>Se po\u010dutite ogro\u017eene? \n\t\t\t\t\t\t\t<\/rs-layer><!--\n-->\t\t\t\t\t\t<\/rs-slide>\n\t\t\t\t\t\t<rs-slide style=\"position: absolute;\" data-key=\"rs-6\" data-title=\"Slide\" data-thumb=\"\/\/gymco-security.si\/wp-content\/uploads\/2022\/02\/gymco-security-16-50x100.jpg\" data-in=\"o:0;\" data-out=\"a:false;\">\n\t\t\t\t\t\t\t<img loading=\"lazy\" decoding=\"async\" src=\"\/\/gymco-security.si\/wp-content\/plugins\/revslider\/public\/assets\/assets\/dummy.png\" alt=\"\" title=\"gymco-security-16\" width=\"1920\" height=\"1280\" class=\"rev-slidebg tp-rs-img rs-lazyload\" data-lazyload=\"\/\/gymco-security.si\/wp-content\/uploads\/2022\/02\/gymco-security-16.jpg\" data-no-retina>\n<!--\n\t\t\t\t\t\t\t--><rs-layer\n\t\t\t\t\t\t\t\tid=\"slider-1-slide-6-layer-4\" \n\t\t\t\t\t\t\t\tdata-type=\"text\"\n\t\t\t\t\t\t\t\tdata-tsh=\"h:1px;v:1px;\"\n\t\t\t\t\t\t\t\tdata-rsp_ch=\"on\"\n\t\t\t\t\t\t\t\tdata-xy=\"x:c;y:m;yo:0,0,0,54px;\"\n\t\t\t\t\t\t\t\tdata-text=\"w:normal;s:40,40,40,35;l:25,25,25,40;a:left,left,left,center;\"\n\t\t\t\t\t\t\t\tdata-dim=\"w:auto,auto,auto,435px;h:auto,auto,auto,142px;\"\n\t\t\t\t\t\t\t\tdata-frame_0=\"x:0,0,0,0px;y:0,0,0,0px;\"\n\t\t\t\t\t\t\t\tdata-frame_1=\"x:0,0,0,0px;y:0,0,0,0px;e:power1.out;sp:500;\"\n\t\t\t\t\t\t\t\tdata-frame_999=\"o:0;st:w;\"\n\t\t\t\t\t\t\t\tstyle=\"z-index:8;font-family:'Roboto Condensed';\"\n\t\t\t\t\t\t\t>So stro\u0161ki izgub in reklamacij previsoki? \n\t\t\t\t\t\t\t<\/rs-layer><!--\n-->\t\t\t\t\t\t<\/rs-slide>\n\t\t\t\t\t<\/rs-slides>\n\t\t\t\t<\/rs-module>\n\t\t\t\t<script>\n\t\t\t\t\tsetREVStartSize({c: 'rev_slider_1_1',rl:[1240,1240,1240,480],el:[600,600,600,720],gw:[1240,1240,1240,480],gh:[600,600,600,720],type:'standard',justify:'',layout:'fullwidth',mh:\"0\"});if (window.RS_MODULES!==undefined && window.RS_MODULES.modules!==undefined && window.RS_MODULES.modules[\"revslider11\"]!==undefined) {window.RS_MODULES.modules[\"revslider11\"].once = false;window.revapi1 = undefined;if (window.RS_MODULES.checkMinimal!==undefined) window.RS_MODULES.checkMinimal()}\n\t\t\t\t<\/script>\n\t\t\t<\/rs-module-wrap>\n\t\t\t<!-- END REVOLUTION SLIDER -->\n[\/vc_column][\/vc_row][vc_row css=&#8221;.vc_custom_1645702979284{padding-top: 80px !important;padding-right: 50px !important;padding-bottom: 80px !important;padding-left: 50px !important;}&#8221;][vc_column][vc_column_text]<\/p>\n<h4 style=\"text-align: center;\">Zagotovimo vam lahko maksimalen nivo varovanja in varnostnih uslug:<\/h4>\n<p>[\/vc_column_text][vc_row_inner css=&#8221;.vc_custom_1645699658748{padding-top: 60px !important;}&#8221;][vc_column_inner width=&#8221;1\/5&#8243;][vc_icon icon_fontawesome=&#8221;fas fa-check&#8221; color=&#8221;custom&#8221; background_style=&#8221;rounded&#8221; background_color=&#8221;custom&#8221; size=&#8221;lg&#8221; align=&#8221;center&#8221; css_animation=&#8221;none&#8221; custom_color=&#8221;#ffffff&#8221; custom_background_color=&#8221;#003b77&#8243; link=&#8221;url:https%3A%2F%2Fgymco.studio18.si%2Fvarovanje%2F|title:Varovanje&#8221;][vc_column_text]<\/p>\n<h3 class=\"p1\" style=\"text-align: center;\">svetovanja na podro\u010dju varovanje ljudi in premo\u017eenja<\/h3>\n<p>[\/vc_column_text][vc_empty_space height=&#8221;40px&#8221;][\/vc_column_inner][vc_column_inner width=&#8221;1\/5&#8243;][vc_icon icon_fontawesome=&#8221;fas fa-check&#8221; color=&#8221;custom&#8221; background_style=&#8221;rounded&#8221; background_color=&#8221;custom&#8221; size=&#8221;lg&#8221; align=&#8221;center&#8221; css_animation=&#8221;none&#8221; custom_color=&#8221;#ffffff&#8221; custom_background_color=&#8221;#003b77&#8243; link=&#8221;url:https%3A%2F%2Fgymco.studio18.si%2Fvarovanje%2F|title:Varovanje&#8221;][vc_column_text]<\/p>\n<h3 class=\"p1\" style=\"text-align: center;\">prevoz in varovanje gotovine ter drugih vrednostnih po\u0161iljk<\/h3>\n<p>[\/vc_column_text][vc_empty_space height=&#8221;40px&#8221;][\/vc_column_inner][vc_column_inner width=&#8221;1\/5&#8243;][vc_icon icon_fontawesome=&#8221;fas fa-check&#8221; color=&#8221;custom&#8221; background_style=&#8221;rounded&#8221; background_color=&#8221;custom&#8221; size=&#8221;lg&#8221; align=&#8221;center&#8221; css_animation=&#8221;none&#8221; custom_color=&#8221;#ffffff&#8221; custom_background_color=&#8221;#003b77&#8243; link=&#8221;url:https%3A%2F%2Fgymco.studio18.si%2Fvarovanje%2F|title:Varovanje&#8221;][vc_column_text]<\/p>\n<h3 class=\"p1\" style=\"text-align: center;\">varovanje javnih zbiranj<\/h3>\n<p>[\/vc_column_text][vc_empty_space height=&#8221;40px&#8221;][\/vc_column_inner][vc_column_inner width=&#8221;1\/5&#8243;][vc_icon icon_fontawesome=&#8221;fas fa-check&#8221; color=&#8221;custom&#8221; background_style=&#8221;rounded&#8221; background_color=&#8221;custom&#8221; size=&#8221;lg&#8221; align=&#8221;center&#8221; css_animation=&#8221;none&#8221; custom_color=&#8221;#ffffff&#8221; custom_background_color=&#8221;#003b77&#8243; link=&#8221;url:https%3A%2F%2Fgymco.studio18.si%2Fvarovanje%2F|title:Varovanje&#8221;][vc_column_text]<\/p>\n<h3 class=\"p1\" style=\"text-align: center;\">varovanje prireditev v gostinskih lokalih<span class=\"Apple-converted-space\">\u00a0<\/span><\/h3>\n<p>[\/vc_column_text][vc_empty_space height=&#8221;40px&#8221;][\/vc_column_inner][vc_column_inner width=&#8221;1\/5&#8243;][vc_icon icon_fontawesome=&#8221;fas fa-check&#8221; color=&#8221;custom&#8221; background_style=&#8221;rounded&#8221; background_color=&#8221;custom&#8221; size=&#8221;lg&#8221; align=&#8221;center&#8221; css_animation=&#8221;none&#8221; custom_color=&#8221;#ffffff&#8221; custom_background_color=&#8221;#003b77&#8243; link=&#8221;url:https%3A%2F%2Fgymco.studio18.si%2Fvarovanje%2F|title:Varovanje&#8221;][vc_column_text]<\/p>\n<h3 class=\"p1\" style=\"text-align: center;\">izvajanje sistemov tehni\u010dnega varovanja<\/h3>\n<p>[\/vc_column_text][vc_empty_space height=&#8221;40px&#8221;][\/vc_column_inner][\/vc_row_inner][\/vc_column][\/vc_row]<\/p>\n","protected":false},"excerpt":{"rendered":"<p>[vc_row css=&#8221;.vc_custom_1645702932438{padding-top: 0px !important;}&#8221;][vc_column][\/vc_column][\/vc_row][vc_row css=&#8221;.vc_custom_1645702979284{padding-top: 80px !important;padding-right: 50px !important;padding-bottom: 80px !important;padding-left: 50px !important;}&#8221;][vc_column][vc_column_text] Zagotovimo vam lahko maksimalen nivo varovanja in varnostnih uslug: [\/vc_column_text][vc_row_inner css=&#8221;.vc_custom_1645699658748{padding-top: 60px !important;}&#8221;][vc_column_inner width=&#8221;1\/5&#8243;][vc_icon icon_fontawesome=&#8221;fas fa-check&#8221; color=&#8221;custom&#8221; background_style=&#8221;rounded&#8221; background_color=&#8221;custom&#8221; size=&#8221;lg&#8221; align=&#8221;center&#8221; css_animation=&#8221;none&#8221; custom_color=&#8221;#ffffff&#8221; custom_background_color=&#8221;#003b77&#8243; link=&#8221;url:https%3A%2F%2Fgymco.studio18.si%2Fvarovanje%2F|title:Varovanje&#8221;][vc_column_text] svetovanja na podro\u010dju varovanje ljudi in premo\u017eenja&#8230;<\/p>\n","protected":false},"author":1,"featured_media":0,"parent":0,"menu_order":0,"comment_status":"closed","ping_status":"open","template":"full_width.php","meta":{"footnotes":""},"class_list":["post-2","page","type-page","status-publish","hentry"],"yoast_head":"<!-- This site is optimized with the Yoast SEO plugin v18.3 - https:\/\/yoast.com\/wordpress\/plugins\/seo\/ -->\n<title>GYMCO SECURITY - Varovanje ljudi in premo\u017eenja, prevoz in varovanje gotovine ter drugih vrednostnih po\u0161iljk, varovanje javnih zbiranj, varovanje prireditev v gostinskih lokalih, izvajanje sistemov tehni\u010dnega varovanja<\/title>\n<meta name=\"description\" content=\"Izvajamo visoko kakovostne storitve zasebnega varovanja ljudi in premo\u017eenja svetovanje ter varnostne storitve z razli\u010dnih podro\u010dij. Varno poslovanje je na\u0161a skrb.\" \/>\n<meta name=\"robots\" content=\"index, follow, max-snippet:-1, max-image-preview:large, max-video-preview:-1\" \/>\n<link rel=\"canonical\" href=\"https:\/\/gymco-security.si\/\" \/>\n<meta property=\"og:locale\" content=\"en_US\" \/>\n<meta property=\"og:type\" content=\"article\" \/>\n<meta property=\"og:title\" content=\"GYMCO SECURITY - Varovanje ljudi in premo\u017eenja, prevoz in varovanje gotovine ter drugih vrednostnih po\u0161iljk, varovanje javnih zbiranj, varovanje prireditev v gostinskih lokalih, izvajanje sistemov tehni\u010dnega varovanja\" \/>\n<meta property=\"og:description\" content=\"Izvajamo visoko kakovostne storitve zasebnega varovanja ljudi in premo\u017eenja svetovanje ter varnostne storitve z razli\u010dnih podro\u010dij. Varno poslovanje je na\u0161a skrb.\" \/>\n<meta property=\"og:url\" content=\"https:\/\/gymco-security.si\/\" \/>\n<meta property=\"og:site_name\" content=\"Gymco\" \/>\n<meta property=\"article:modified_time\" content=\"2022-02-24T13:11:13+00:00\" \/>\n<meta name=\"twitter:card\" content=\"summary_large_image\" \/>\n<meta name=\"twitter:label1\" content=\"Est. reading time\" \/>\n\t<meta name=\"twitter:data1\" content=\"1 minute\" \/>\n<script type=\"application\/ld+json\" class=\"yoast-schema-graph\">{\"@context\":\"https:\/\/schema.org\",\"@graph\":[{\"@type\":\"WebSite\",\"@id\":\"https:\/\/gymco-security.si\/#website\",\"url\":\"https:\/\/gymco-security.si\/\",\"name\":\"Gymco\",\"description\":\"Security\",\"potentialAction\":[{\"@type\":\"SearchAction\",\"target\":{\"@type\":\"EntryPoint\",\"urlTemplate\":\"https:\/\/gymco-security.si\/?s={search_term_string}\"},\"query-input\":\"required name=search_term_string\"}],\"inLanguage\":\"en-US\"},{\"@type\":\"WebPage\",\"@id\":\"https:\/\/gymco-security.si\/#webpage\",\"url\":\"https:\/\/gymco-security.si\/\",\"name\":\"GYMCO SECURITY - Varovanje ljudi in premo\u017eenja, prevoz in varovanje gotovine ter drugih vrednostnih po\u0161iljk, varovanje javnih zbiranj, varovanje prireditev v gostinskih lokalih, izvajanje sistemov tehni\u010dnega varovanja\",\"isPartOf\":{\"@id\":\"https:\/\/gymco-security.si\/#website\"},\"datePublished\":\"2022-02-19T17:21:40+00:00\",\"dateModified\":\"2022-02-24T13:11:13+00:00\",\"description\":\"Izvajamo visoko kakovostne storitve zasebnega varovanja ljudi in premo\u017eenja svetovanje ter varnostne storitve z razli\u010dnih podro\u010dij. Varno poslovanje je na\u0161a skrb.\",\"breadcrumb\":{\"@id\":\"https:\/\/gymco-security.si\/#breadcrumb\"},\"inLanguage\":\"en-US\",\"potentialAction\":[{\"@type\":\"ReadAction\",\"target\":[\"https:\/\/gymco-security.si\/\"]}]},{\"@type\":\"BreadcrumbList\",\"@id\":\"https:\/\/gymco-security.si\/#breadcrumb\",\"itemListElement\":[{\"@type\":\"ListItem\",\"position\":1,\"name\":\"Home\",\"item\":\"https:\/\/gymco-security.si\/\"},{\"@type\":\"ListItem\",\"position\":2,\"name\":\"Varnostno svetovanje in varnostne storitve\"}]}]}<\/script>\n<!-- \/ Yoast SEO plugin. -->","yoast_head_json":{"title":"GYMCO SECURITY - Varovanje ljudi in premo\u017eenja, prevoz in varovanje gotovine ter drugih vrednostnih po\u0161iljk, varovanje javnih zbiranj, varovanje prireditev v gostinskih lokalih, izvajanje sistemov tehni\u010dnega varovanja","description":"Izvajamo visoko kakovostne storitve zasebnega varovanja ljudi in premo\u017eenja svetovanje ter varnostne storitve z razli\u010dnih podro\u010dij. Varno poslovanje je na\u0161a skrb.","robots":{"index":"index","follow":"follow","max-snippet":"max-snippet:-1","max-image-preview":"max-image-preview:large","max-video-preview":"max-video-preview:-1"},"canonical":"https:\/\/gymco-security.si\/","og_locale":"en_US","og_type":"article","og_title":"GYMCO SECURITY - Varovanje ljudi in premo\u017eenja, prevoz in varovanje gotovine ter drugih vrednostnih po\u0161iljk, varovanje javnih zbiranj, varovanje prireditev v gostinskih lokalih, izvajanje sistemov tehni\u010dnega varovanja","og_description":"Izvajamo visoko kakovostne storitve zasebnega varovanja ljudi in premo\u017eenja svetovanje ter varnostne storitve z razli\u010dnih podro\u010dij. Varno poslovanje je na\u0161a skrb.","og_url":"https:\/\/gymco-security.si\/","og_site_name":"Gymco","article_modified_time":"2022-02-24T13:11:13+00:00","twitter_card":"summary_large_image","twitter_misc":{"Est. reading time":"1 minute"},"schema":{"@context":"https:\/\/schema.org","@graph":[{"@type":"WebSite","@id":"https:\/\/gymco-security.si\/#website","url":"https:\/\/gymco-security.si\/","name":"Gymco","description":"Security","potentialAction":[{"@type":"SearchAction","target":{"@type":"EntryPoint","urlTemplate":"https:\/\/gymco-security.si\/?s={search_term_string}"},"query-input":"required name=search_term_string"}],"inLanguage":"en-US"},{"@type":"WebPage","@id":"https:\/\/gymco-security.si\/#webpage","url":"https:\/\/gymco-security.si\/","name":"GYMCO SECURITY - Varovanje ljudi in premo\u017eenja, prevoz in varovanje gotovine ter drugih vrednostnih po\u0161iljk, varovanje javnih zbiranj, varovanje prireditev v gostinskih lokalih, izvajanje sistemov tehni\u010dnega varovanja","isPartOf":{"@id":"https:\/\/gymco-security.si\/#website"},"datePublished":"2022-02-19T17:21:40+00:00","dateModified":"2022-02-24T13:11:13+00:00","description":"Izvajamo visoko kakovostne storitve zasebnega varovanja ljudi in premo\u017eenja svetovanje ter varnostne storitve z razli\u010dnih podro\u010dij. Varno poslovanje je na\u0161a skrb.","breadcrumb":{"@id":"https:\/\/gymco-security.si\/#breadcrumb"},"inLanguage":"en-US","potentialAction":[{"@type":"ReadAction","target":["https:\/\/gymco-security.si\/"]}]},{"@type":"BreadcrumbList","@id":"https:\/\/gymco-security.si\/#breadcrumb","itemListElement":[{"@type":"ListItem","position":1,"name":"Home","item":"https:\/\/gymco-security.si\/"},{"@type":"ListItem","position":2,"name":"Varnostno svetovanje in varnostne storitve"}]}]}},"_links":{"self":[{"href":"https:\/\/gymco-security.si\/index.php?rest_route=\/wp\/v2\/pages\/2","targetHints":{"allow":["GET"]}}],"collection":[{"href":"https:\/\/gymco-security.si\/index.php?rest_route=\/wp\/v2\/pages"}],"about":[{"href":"https:\/\/gymco-security.si\/index.php?rest_route=\/wp\/v2\/types\/page"}],"author":[{"embeddable":true,"href":"https:\/\/gymco-security.si\/index.php?rest_route=\/wp\/v2\/users\/1"}],"replies":[{"embeddable":true,"href":"https:\/\/gymco-security.si\/index.php?rest_route=%2Fwp%2Fv2%2Fcomments&post=2"}],"version-history":[{"count":12,"href":"https:\/\/gymco-security.si\/index.php?rest_route=\/wp\/v2\/pages\/2\/revisions"}],"predecessor-version":[{"id":92,"href":"https:\/\/gymco-security.si\/index.php?rest_route=\/wp\/v2\/pages\/2\/revisions\/92"}],"wp:attachment":[{"href":"https:\/\/gymco-security.si\/index.php?rest_route=%2Fwp%2Fv2%2Fmedia&parent=2"}],"curies":[{"name":"wp","href":"https:\/\/api.w.org\/{rel}","templated":true}]}}