{"id":14,"date":"2022-02-19T17:37:39","date_gmt":"2022-02-19T17:37:39","guid":{"rendered":"https:\/\/gymco-security.si\/?page_id=14"},"modified":"2025-12-12T15:12:16","modified_gmt":"2025-12-12T14:12:16","slug":"kontakt","status":"publish","type":"page","link":"https:\/\/gymco-security.si\/?page_id=14","title":{"rendered":"Kontakt"},"content":{"rendered":"<p>[vc_row][vc_column]\n\t\t\t<!-- START Kontakt REVOLUTION SLIDER 6.5.14 --><p class=\"rs-p-wp-fix\"><\/p>\n\t\t\t<rs-module-wrap id=\"rev_slider_3_1_wrapper\" data-source=\"gallery\" style=\"visibility:hidden;background:transparent;padding:0;margin:0px auto;margin-top:0;margin-bottom:0;\">\n\t\t\t\t<rs-module id=\"rev_slider_3_1\" style=\"\" data-version=\"6.5.14\">\n\t\t\t\t\t<rs-slides>\n\t\t\t\t\t\t<rs-slide style=\"position: absolute;\" data-key=\"rs-14\" data-title=\"Slide\" data-in=\"o:0;\" data-out=\"a:false;\">\n\t\t\t\t\t\t\t<img loading=\"lazy\" decoding=\"async\" src=\"\/\/gymco-security.si\/wp-content\/plugins\/revslider\/public\/assets\/assets\/dummy.png\" alt=\"\" title=\"gymco-security-14\" width=\"1920\" height=\"1282\" class=\"rev-slidebg tp-rs-img rs-lazyload\" data-lazyload=\"\/\/gymco-security.si\/wp-content\/uploads\/2022\/02\/gymco-security-14.jpg\" data-no-retina>\n<!--\n\t\t\t\t\t\t\t--><rs-layer\n\t\t\t\t\t\t\t\tid=\"slider-3-slide-14-layer-0\" \n\t\t\t\t\t\t\t\tdata-type=\"text\"\n\t\t\t\t\t\t\t\tdata-rsp_ch=\"on\"\n\t\t\t\t\t\t\t\tdata-xy=\"x:c;y:m;yo:0,0,0,54px;\"\n\t\t\t\t\t\t\t\tdata-text=\"w:normal;s:40,40,40,35;l:25,25,25,40;a:left,left,left,center;\"\n\t\t\t\t\t\t\t\tdata-dim=\"w:auto,auto,auto,435px;h:auto,auto,auto,142px;\"\n\t\t\t\t\t\t\t\tdata-frame_0=\"x:0,0,0,0px;y:0,0,0,0px;\"\n\t\t\t\t\t\t\t\tdata-frame_1=\"x:0,0,0,0px;y:0,0,0,0px;e:power1.out;sp:500;\"\n\t\t\t\t\t\t\t\tdata-frame_999=\"o:0;st:w;\"\n\t\t\t\t\t\t\t\tstyle=\"z-index:5;font-family:'Roboto Condensed';\"\n\t\t\t\t\t\t\t>KONTAKT  \n\t\t\t\t\t\t\t<\/rs-layer><!--\n-->\t\t\t\t\t\t<\/rs-slide>\n\t\t\t\t\t<\/rs-slides>\n\t\t\t\t<\/rs-module>\n\t\t\t\t<script>\n\t\t\t\t\tsetREVStartSize({c: 'rev_slider_3_1',rl:[1240,1240,1240,480],el:[300,300,300,300],gw:[1240,1240,1240,480],gh:[300,300,300,300],type:'hero',justify:'',layout:'fullwidth',mh:\"0\"});if (window.RS_MODULES!==undefined && window.RS_MODULES.modules!==undefined && window.RS_MODULES.modules[\"revslider31\"]!==undefined) {window.RS_MODULES.modules[\"revslider31\"].once = false;window.revapi3 = undefined;if (window.RS_MODULES.checkMinimal!==undefined) window.RS_MODULES.checkMinimal()}\n\t\t\t\t<\/script>\n\t\t\t<\/rs-module-wrap>\n\t\t\t<!-- END REVOLUTION SLIDER -->\n[\/vc_column][\/vc_row][vc_row gap=&#8221;35&#8243; css=&#8221;.vc_custom_1645704400912{padding-top: 80px !important;padding-right: 50px !important;padding-bottom: 80px !important;padding-left: 50px !important;}&#8221;][vc_column width=&#8221;1\/2&#8243;][vc_column_text]<\/p>\r\n<p style=\"text-align: center;\"><strong>GYMCO SECURITY d.o.o.<\/strong><\/p>\r\n<p style=\"text-align: center;\">Obala 114<\/p>\r\n<p style=\"text-align: center;\">6320 Portoro\u017e\u00a0<\/p>\r\n<p style=\"text-align: center;\">\u00a0<\/p>\r\n<p style=\"text-align: center;\">\u00a0<\/p>\r\n<p style=\"text-align: center;\"><\/p>\r\n<p style=\"text-align: center;\"><span style=\"color: #c20202;\"><strong>T:<\/strong><\/span> <a href=\"tel:\/\/+38659074831\">+386 (0) 5 907 48 31<\/a><\/p>\r\n<p style=\"text-align: center;\">\r\n\r\n<\/p>\r\n<p style=\"text-align: center;\">\r\n\r\n<\/p>\r\n<p style=\"text-align: center;\"><span style=\"color: #c20202;\"><strong>M:<\/strong><\/span> <a href=\"tel:\/\/+38641642629\">+386 (0) 41 642 629<\/a><\/p>\r\n<p style=\"text-align: center;\"><span style=\"color: #c20202;\"><strong>E:<\/strong><\/span> <a href=\"mailto:tajnistvo@gymco-security.si\">tajnistvo@gymco-security.si<\/a><\/p>\r\n<p>[\/vc_column_text][vc_empty_space height=&#8221;50px&#8221;][vc_gmaps link=&#8221;#E-8_JTNDaWZyYW1lJTIwc3JjJTNEJTIyaHR0cHMlM0ElMkYlMkZ3d3cuZ29vZ2xlLmNvbSUyRm1hcHMlMkZlbWJlZCUzRnBiJTNEJTIxMW0xOCUyMTFtMTIlMjExbTMlMjExZDI3OTYuMzI4MzM3NzY3MzYwNiUyMTJkMTMuNjAxMjIwOTUxMDYyMDklMjEzZDQ1LjUwMzQ2ODY3ODk5ODklMjEybTMlMjExZjAlMjEyZjAlMjEzZjAlMjEzbTIlMjExaTEwMjQlMjEyaTc2OCUyMTRmMTMuMSUyMTNtMyUyMTFtMiUyMTFzMHg0NzdiNjRlNzU5MDI1MDA1JTI1M0EweDllNDgxNmFjOTkxMjYxYmYlMjEyc0d5bWNvJTI1MjBTZWN1cml0eSUyNTJDJTI1MjBwb3NyZWRuaSUyNUM1JTI1QTF0dm8lMjUyQyUyNTIwdmFyb3ZhbmplJTI1MjBpbiUyNTIwc3Rvcml0dmUlMjUyQyUyNTIwZC5vLm8uJTIxNWUwJTIxM20yJTIxMXNlbiUyMTJzc2klMjE0djE2NDUyOTIyNDM1ODklMjE1bTIlMjExc2VuJTIxMnNzaSUyMiUyMHdpZHRoJTNEJTIyNjAwJTIyJTIwaGVpZ2h0JTNEJTIyNDUwJTIyJTIwc3R5bGUlM0QlMjJib3JkZXIlM0EwJTNCJTIyJTIwYWxsb3dmdWxsc2NyZWVuJTNEJTIyJTIyJTIwbG9hZGluZyUzRCUyMmxhenklMjIlM0UlM0MlMkZpZnJhbWUlM0U=&#8221; size=&#8221;300&#8243;][\/vc_column][vc_column width=&#8221;1\/2&#8243;][vc_column_text]<\/p>\r\n<p style=\"text-align: center;\">Za ve\u010d informacij o <strong>varovanju,<\/strong> <strong>svetovanju<\/strong>, <strong>varnostnem usposabljanju<\/strong> in ostalih na\u0161ih storitvah lahko izpolnite spodnji obrazec. Potrudili se bomo odgovoriti v najkraj\u0161em mo\u017enem \u010dasu.<\/p>\r\n<p>[\/vc_column_text][vc_empty_space height=&#8221;50px&#8221;]<div role=\"form\" class=\"wpcf7\" id=\"wpcf7-f16-o1\" lang=\"en-US\" dir=\"ltr\">\n<div class=\"screen-reader-response\"><p role=\"status\" aria-live=\"polite\" aria-atomic=\"true\"><\/p> <ul><\/ul><\/div>\n<form action=\"\/index.php?rest_route=%2Fwp%2Fv2%2Fpages%2F14#wpcf7-f16-o1\" method=\"post\" class=\"wpcf7-form init\" novalidate=\"novalidate\" data-status=\"init\">\n<div style=\"display: none;\">\n<input type=\"hidden\" name=\"_wpcf7\" value=\"16\" \/>\n<input type=\"hidden\" name=\"_wpcf7_version\" value=\"5.5.6\" \/>\n<input type=\"hidden\" name=\"_wpcf7_locale\" value=\"en_US\" \/>\n<input type=\"hidden\" name=\"_wpcf7_unit_tag\" value=\"wpcf7-f16-o1\" \/>\n<input type=\"hidden\" name=\"_wpcf7_container_post\" value=\"0\" \/>\n<input type=\"hidden\" name=\"_wpcf7_posted_data_hash\" value=\"\" \/>\n<input type=\"hidden\" name=\"_wpcf7_recaptcha_response\" value=\"\" \/>\n<\/div>\n<p><label> <span class=\"wpcf7-form-control-wrap your-name\"><input type=\"text\" name=\"your-name\" value=\"\" size=\"40\" class=\"wpcf7-form-control wpcf7-text wpcf7-validates-as-required\" aria-required=\"true\" aria-invalid=\"false\" placeholder=\"Ime in priimek\" \/><\/span> <\/label><\/p>\n<p><label> <span class=\"wpcf7-form-control-wrap your-email\"><input type=\"email\" name=\"your-email\" value=\"\" size=\"40\" class=\"wpcf7-form-control wpcf7-text wpcf7-email wpcf7-validates-as-required wpcf7-validates-as-email\" aria-required=\"true\" aria-invalid=\"false\" placeholder=\"E-mail naslov\" \/><\/span> <\/label><\/p>\n<p><label> <span class=\"wpcf7-form-control-wrap your-subject\"><input type=\"text\" name=\"your-subject\" value=\"\" size=\"40\" class=\"wpcf7-form-control wpcf7-text wpcf7-validates-as-required\" aria-required=\"true\" aria-invalid=\"false\" placeholder=\"Zadeva\" \/><\/span> <\/label><\/p>\n<p><label> <span class=\"wpcf7-form-control-wrap your-message\"><textarea name=\"your-message\" cols=\"40\" rows=\"10\" class=\"wpcf7-form-control wpcf7-textarea wpcf7-validates-as-required\" aria-required=\"true\" aria-invalid=\"false\" placeholder=\"Sporo\u010dilo\"><\/textarea><\/span> <\/label><\/p>\n<p><input type=\"submit\" value=\"Po\u0161lji\" class=\"wpcf7-form-control has-spinner wpcf7-submit\" \/><\/p>\n<div class=\"wpcf7-response-output\" aria-hidden=\"true\"><\/div><\/form><\/div>[\/vc_column][\/vc_row]<\/p>","protected":false},"excerpt":{"rendered":"<p>[vc_row][vc_column][\/vc_column][\/vc_row][vc_row gap=&#8221;35&#8243; css=&#8221;.vc_custom_1645704400912{padding-top: 80px !important;padding-right: 50px !important;padding-bottom: 80px !important;padding-left: 50px !important;}&#8221;][vc_column width=&#8221;1\/2&#8243;][vc_column_text] GYMCO SECURITY d.o.o. Obala 114 6320 Portoro\u017e\u00a0 \u00a0 \u00a0 T: +386 (0) 5 907 48 31 M: +386 (0) 41 642 629 E: tajnistvo@gymco-security.si [\/vc_column_text][vc_empty_space height=&#8221;50px&#8221;][vc_gmaps link=&#8221;#E-8_JTNDaWZyYW1lJTIwc3JjJTNEJTIyaHR0cHMlM0ElMkYlMkZ3d3cuZ29vZ2xlLmNvbSUyRm1hcHMlMkZlbWJlZCUzRnBiJTNEJTIxMW0xOCUyMTFtMTIlMjExbTMlMjExZDI3OTYuMzI4MzM3NzY3MzYwNiUyMTJkMTMuNjAxMjIwOTUxMDYyMDklMjEzZDQ1LjUwMzQ2ODY3ODk5ODklMjEybTMlMjExZjAlMjEyZjAlMjEzZjAlMjEzbTIlMjExaTEwMjQlMjEyaTc2OCUyMTRmMTMuMSUyMTNtMyUyMTFtMiUyMTFzMHg0NzdiNjRlNzU5MDI1MDA1JTI1M0EweDllNDgxNmFjOTkxMjYxYmYlMjEyc0d5bWNvJTI1MjBTZWN1cml0eSUyNTJDJTI1MjBwb3NyZWRuaSUyNUM1JTI1QTF0dm8lMjUyQyUyNTIwdmFyb3ZhbmplJTI1MjBpbiUyNTIwc3Rvcml0dmUlMjUyQyUyNTIwZC5vLm8uJTIxNWUwJTIxM20yJTIxMXNlbiUyMTJzc2klMjE0djE2NDUyOTIyNDM1ODklMjE1bTIlMjExc2VuJTIxMnNzaSUyMiUyMHdpZHRoJTNEJTIyNjAwJTIyJTIwaGVpZ2h0JTNEJTIyNDUwJTIyJTIwc3R5bGUlM0QlMjJib3JkZXIlM0EwJTNCJTIyJTIwYWxsb3dmdWxsc2NyZWVuJTNEJTIyJTIyJTIwbG9hZGluZyUzRCUyMmxhenklMjIlM0UlM0MlMkZpZnJhbWUlM0U=&#8221; size=&#8221;300&#8243;][\/vc_column][vc_column width=&#8221;1\/2&#8243;][vc_column_text] Za ve\u010d informacij o&#8230;<\/p>\n","protected":false},"author":1,"featured_media":0,"parent":0,"menu_order":0,"comment_status":"closed","ping_status":"closed","template":"full_width.php","meta":{"footnotes":""},"class_list":["post-14","page","type-page","status-publish","hentry"],"yoast_head":"<!-- This site is optimized with the Yoast SEO plugin v18.3 - https:\/\/yoast.com\/wordpress\/plugins\/seo\/ -->\n<title>Kontakt - Zasebno varovanje ljudi in premo\u017eenja ter varnostne storitve \u2013 GYMCO SECURITY<\/title>\n<meta name=\"description\" content=\"Kontakt podjetja GYMCO SECURITY d.o.o., ki deluje na razli\u010dnih podro\u010djih zagotavljanja varnosti ljudi in premo\u017eenja. Za ve\u010d informacij izpolnite obrazec.\" \/>\n<meta name=\"robots\" content=\"index, follow, max-snippet:-1, max-image-preview:large, max-video-preview:-1\" \/>\n<link rel=\"canonical\" href=\"https:\/\/gymco-security.si\/?page_id=14\" \/>\n<meta property=\"og:locale\" content=\"en_US\" \/>\n<meta property=\"og:type\" content=\"article\" \/>\n<meta property=\"og:title\" content=\"Kontakt - Zasebno varovanje ljudi in premo\u017eenja ter varnostne storitve \u2013 GYMCO SECURITY\" \/>\n<meta property=\"og:description\" content=\"Kontakt podjetja GYMCO SECURITY d.o.o., ki deluje na razli\u010dnih podro\u010djih zagotavljanja varnosti ljudi in premo\u017eenja. Za ve\u010d informacij izpolnite obrazec.\" \/>\n<meta property=\"og:url\" content=\"https:\/\/gymco-security.si\/?page_id=14\" \/>\n<meta property=\"og:site_name\" content=\"Gymco\" \/>\n<meta property=\"article:modified_time\" content=\"2025-12-12T14:12:16+00:00\" \/>\n<meta name=\"twitter:card\" content=\"summary_large_image\" \/>\n<meta name=\"twitter:label1\" content=\"Est. reading time\" \/>\n\t<meta name=\"twitter:data1\" content=\"1 minute\" \/>\n<script type=\"application\/ld+json\" class=\"yoast-schema-graph\">{\"@context\":\"https:\/\/schema.org\",\"@graph\":[{\"@type\":\"WebSite\",\"@id\":\"https:\/\/gymco-security.si\/#website\",\"url\":\"https:\/\/gymco-security.si\/\",\"name\":\"Gymco\",\"description\":\"Security\",\"potentialAction\":[{\"@type\":\"SearchAction\",\"target\":{\"@type\":\"EntryPoint\",\"urlTemplate\":\"https:\/\/gymco-security.si\/?s={search_term_string}\"},\"query-input\":\"required name=search_term_string\"}],\"inLanguage\":\"en-US\"},{\"@type\":\"WebPage\",\"@id\":\"https:\/\/gymco-security.si\/?page_id=14#webpage\",\"url\":\"https:\/\/gymco-security.si\/?page_id=14\",\"name\":\"Kontakt - Zasebno varovanje ljudi in premo\u017eenja ter varnostne storitve \u2013 GYMCO SECURITY\",\"isPartOf\":{\"@id\":\"https:\/\/gymco-security.si\/#website\"},\"datePublished\":\"2022-02-19T17:37:39+00:00\",\"dateModified\":\"2025-12-12T14:12:16+00:00\",\"description\":\"Kontakt podjetja GYMCO SECURITY d.o.o., ki deluje na razli\u010dnih podro\u010djih zagotavljanja varnosti ljudi in premo\u017eenja. Za ve\u010d informacij izpolnite obrazec.\",\"breadcrumb\":{\"@id\":\"https:\/\/gymco-security.si\/?page_id=14#breadcrumb\"},\"inLanguage\":\"en-US\",\"potentialAction\":[{\"@type\":\"ReadAction\",\"target\":[\"https:\/\/gymco-security.si\/?page_id=14\"]}]},{\"@type\":\"BreadcrumbList\",\"@id\":\"https:\/\/gymco-security.si\/?page_id=14#breadcrumb\",\"itemListElement\":[{\"@type\":\"ListItem\",\"position\":1,\"name\":\"Home\",\"item\":\"https:\/\/gymco-security.si\/\"},{\"@type\":\"ListItem\",\"position\":2,\"name\":\"Kontakt\"}]}]}<\/script>\n<!-- \/ Yoast SEO plugin. -->","yoast_head_json":{"title":"Kontakt - Zasebno varovanje ljudi in premo\u017eenja ter varnostne storitve \u2013 GYMCO SECURITY","description":"Kontakt podjetja GYMCO SECURITY d.o.o., ki deluje na razli\u010dnih podro\u010djih zagotavljanja varnosti ljudi in premo\u017eenja. Za ve\u010d informacij izpolnite obrazec.","robots":{"index":"index","follow":"follow","max-snippet":"max-snippet:-1","max-image-preview":"max-image-preview:large","max-video-preview":"max-video-preview:-1"},"canonical":"https:\/\/gymco-security.si\/?page_id=14","og_locale":"en_US","og_type":"article","og_title":"Kontakt - Zasebno varovanje ljudi in premo\u017eenja ter varnostne storitve \u2013 GYMCO SECURITY","og_description":"Kontakt podjetja GYMCO SECURITY d.o.o., ki deluje na razli\u010dnih podro\u010djih zagotavljanja varnosti ljudi in premo\u017eenja. Za ve\u010d informacij izpolnite obrazec.","og_url":"https:\/\/gymco-security.si\/?page_id=14","og_site_name":"Gymco","article_modified_time":"2025-12-12T14:12:16+00:00","twitter_card":"summary_large_image","twitter_misc":{"Est. reading time":"1 minute"},"schema":{"@context":"https:\/\/schema.org","@graph":[{"@type":"WebSite","@id":"https:\/\/gymco-security.si\/#website","url":"https:\/\/gymco-security.si\/","name":"Gymco","description":"Security","potentialAction":[{"@type":"SearchAction","target":{"@type":"EntryPoint","urlTemplate":"https:\/\/gymco-security.si\/?s={search_term_string}"},"query-input":"required name=search_term_string"}],"inLanguage":"en-US"},{"@type":"WebPage","@id":"https:\/\/gymco-security.si\/?page_id=14#webpage","url":"https:\/\/gymco-security.si\/?page_id=14","name":"Kontakt - Zasebno varovanje ljudi in premo\u017eenja ter varnostne storitve \u2013 GYMCO SECURITY","isPartOf":{"@id":"https:\/\/gymco-security.si\/#website"},"datePublished":"2022-02-19T17:37:39+00:00","dateModified":"2025-12-12T14:12:16+00:00","description":"Kontakt podjetja GYMCO SECURITY d.o.o., ki deluje na razli\u010dnih podro\u010djih zagotavljanja varnosti ljudi in premo\u017eenja. Za ve\u010d informacij izpolnite obrazec.","breadcrumb":{"@id":"https:\/\/gymco-security.si\/?page_id=14#breadcrumb"},"inLanguage":"en-US","potentialAction":[{"@type":"ReadAction","target":["https:\/\/gymco-security.si\/?page_id=14"]}]},{"@type":"BreadcrumbList","@id":"https:\/\/gymco-security.si\/?page_id=14#breadcrumb","itemListElement":[{"@type":"ListItem","position":1,"name":"Home","item":"https:\/\/gymco-security.si\/"},{"@type":"ListItem","position":2,"name":"Kontakt"}]}]}},"_links":{"self":[{"href":"https:\/\/gymco-security.si\/index.php?rest_route=\/wp\/v2\/pages\/14","targetHints":{"allow":["GET"]}}],"collection":[{"href":"https:\/\/gymco-security.si\/index.php?rest_route=\/wp\/v2\/pages"}],"about":[{"href":"https:\/\/gymco-security.si\/index.php?rest_route=\/wp\/v2\/types\/page"}],"author":[{"embeddable":true,"href":"https:\/\/gymco-security.si\/index.php?rest_route=\/wp\/v2\/users\/1"}],"replies":[{"embeddable":true,"href":"https:\/\/gymco-security.si\/index.php?rest_route=%2Fwp%2Fv2%2Fcomments&post=14"}],"version-history":[{"count":11,"href":"https:\/\/gymco-security.si\/index.php?rest_route=\/wp\/v2\/pages\/14\/revisions"}],"predecessor-version":[{"id":106,"href":"https:\/\/gymco-security.si\/index.php?rest_route=\/wp\/v2\/pages\/14\/revisions\/106"}],"wp:attachment":[{"href":"https:\/\/gymco-security.si\/index.php?rest_route=%2Fwp%2Fv2%2Fmedia&parent=14"}],"curies":[{"name":"wp","href":"https:\/\/api.w.org\/{rel}","templated":true}]}}